{"id":7,"date":"2022-07-26T21:02:07","date_gmt":"2022-07-26T18:02:07","guid":{"rendered":"http:\/\/tarolconsulting.com\/?page_id=7"},"modified":"2023-08-14T09:01:22","modified_gmt":"2023-08-14T06:01:22","slug":"tarol-consulting-strategisen-tason-it-konsultaatiota","status":"publish","type":"page","link":"https:\/\/tarolconsulting.com\/","title":{"rendered":"Tarol Consulting &#8211; strategisen tason IT-konsultaatiota"},"content":{"rendered":"\n<p>Erikoisalaamme ovat <strong>tietoturva <\/strong>ja <strong>IT arkkitehtuurit<\/strong>.<\/p>\n\n\n\n<p>Teknologista ja liiketoiminnallista erikoisosaamistamme ovat:<\/p>\n\n\n\n<ul><li>pankki- ja finanssiala<\/li><li>palveluiden digitalisaatio<\/li><li>mobiilipalvelut<\/li><li>pilvitransformaatiot<\/li><\/ul>\n\n\n\n<p>Olemme itsen\u00e4inen j\u00e4rjestelm\u00e4kehitt\u00e4jist\u00e4 riippumaton konsulttitalo mutta tyypillisesti ty\u00f6skentelemme asiakkaille l\u00e4heisess\u00e4 yhteisty\u00f6ss\u00e4 muiden ohjelmisto- ja palvelukehitystarjoajien kanssa.<\/p>\n\n\n\n<p>Asiakkaitamme ovat p\u00e4\u00e4osin suuret yritykset ja julkinen hallinto.<\/p>\n\n\n\n<p><\/p>\n\n\n\n<p>Konsultaatiossa keskeisi\u00e4 arvojamme ovat:<\/p>\n\n\n\n<ul><li>asiakaskeskeisyys<\/li><li>korkea osaaminen<\/li><li>kokonaisvastuu<\/li><\/ul>\n\n\n\n<p>Yhteystiedot:<\/p>\n\n\n\n<p>Eero Eloranta, <br>eero.eloranta@tarolconsulting.com <br>+358 40 556 5026<\/p>\n","protected":false},"excerpt":{"rendered":"<p>Erikoisalaamme ovat tietoturva ja IT arkkitehtuurit. Teknologista ja liiketoiminnallista erikoisosaamistamme ovat: pankki- ja finanssiala palveluiden digitalisaatio mobiilipalvelut pilvitransformaatiot Olemme itsen\u00e4inen j\u00e4rjestelm\u00e4kehitt\u00e4jist\u00e4 riippumaton konsulttitalo mutta tyypillisesti ty\u00f6skentelemme asiakkaille l\u00e4heisess\u00e4 yhteisty\u00f6ss\u00e4 muiden ohjelmisto- ja palvelukehitystarjoajien kanssa. Asiakkaitamme ovat p\u00e4\u00e4osin suuret yritykset ja julkinen hallinto. Konsultaatiossa keskeisi\u00e4 arvojamme ovat: asiakaskeskeisyys korkea osaaminen kokonaisvastuu Yhteystiedot: Eero Eloranta, eero.eloranta@tarolconsulting.com +358 &hellip;<\/p>\n<p class=\"read-more\"> <a class=\"\" href=\"https:\/\/tarolconsulting.com\/\"> <span class=\"screen-reader-text\">Tarol Consulting &#8211; strategisen tason IT-konsultaatiota<\/span> Read More &raquo;<\/a><\/p>\n","protected":false},"author":1,"featured_media":0,"parent":0,"menu_order":0,"comment_status":"closed","ping_status":"closed","template":"","meta":{"om_disable_all_campaigns":false,"_monsterinsights_skip_tracking":false,"_monsterinsights_sitenote_active":false,"_monsterinsights_sitenote_note":"","_monsterinsights_sitenote_category":0,"site-sidebar-layout":"default","site-content-layout":"","ast-site-content-layout":"","site-content-style":"default","site-sidebar-style":"default","ast-global-header-display":"","ast-banner-title-visibility":"","ast-main-header-display":"","ast-hfb-above-header-display":"","ast-hfb-below-header-display":"","ast-hfb-mobile-header-display":"","site-post-title":"","ast-breadcrumbs-content":"","ast-featured-img":"","footer-sml-layout":"","theme-transparent-header-meta":"","adv-header-id-meta":"","stick-header-meta":"","header-above-stick-meta":"","header-main-stick-meta":"","header-below-stick-meta":"","astra-migrate-meta-layouts":"","footnotes":""},"aioseo_notices":[],"_links":{"self":[{"href":"https:\/\/tarolconsulting.com\/index.php?rest_route=\/wp\/v2\/pages\/7"}],"collection":[{"href":"https:\/\/tarolconsulting.com\/index.php?rest_route=\/wp\/v2\/pages"}],"about":[{"href":"https:\/\/tarolconsulting.com\/index.php?rest_route=\/wp\/v2\/types\/page"}],"author":[{"embeddable":true,"href":"https:\/\/tarolconsulting.com\/index.php?rest_route=\/wp\/v2\/users\/1"}],"replies":[{"embeddable":true,"href":"https:\/\/tarolconsulting.com\/index.php?rest_route=%2Fwp%2Fv2%2Fcomments&post=7"}],"version-history":[{"count":11,"href":"https:\/\/tarolconsulting.com\/index.php?rest_route=\/wp\/v2\/pages\/7\/revisions"}],"predecessor-version":[{"id":81,"href":"https:\/\/tarolconsulting.com\/index.php?rest_route=\/wp\/v2\/pages\/7\/revisions\/81"}],"wp:attachment":[{"href":"https:\/\/tarolconsulting.com\/index.php?rest_route=%2Fwp%2Fv2%2Fmedia&parent=7"}],"curies":[{"name":"wp","href":"https:\/\/api.w.org\/{rel}","templated":true}]}}